{"id":62,"date":"2018-10-06T13:58:47","date_gmt":"2018-10-06T11:58:47","guid":{"rendered":"https:\/\/mr-naturheilpraxis.de\/wp\/?page_id=62"},"modified":"2018-10-17T12:05:26","modified_gmt":"2018-10-17T10:05:26","slug":"bioresonanz","status":"publish","type":"page","link":"https:\/\/mr-naturheilpraxis.de\/wp\/bioresonanz\/","title":{"rendered":"Bioresonanz"},"content":{"rendered":"<p>[vc_row][vc_column width=&#8220;2\/3&#8243;][vc_custom_heading text=&#8220;Bioresonanztherapie&#8220; google_fonts=&#8220;font_family:Roboto%3A100%2C100italic%2C300%2C300italic%2Cregular%2Citalic%2C500%2C500italic%2C700%2C700italic%2C900%2C900italic|font_style:500%20bold%20italic%3A500%3Aitalic&#8220; css=&#8220;.vc_custom_1539281621930{padding-bottom: 20px !important;}&#8220;][vc_column_text]Die Bioresonanztherapie ist eine vollkommen schmerzfreie Behandlungsmethode f\u00fcr Kinder und Erwachsene. Sie erzielt besonders gute Erfolge bei <strong>Allergien<\/strong>, <strong>Asthma<\/strong>, <strong>Heuschnupfen<\/strong>, den unterschiedlichsten <strong>Infekten<\/strong>, <strong>Neurodermitis<\/strong>, <strong>Rheuma<\/strong> und <strong>Schmerzen<\/strong> aller Art.<\/p>\n<p>&nbsp;<\/p>\n<p>Sie basiert auf der Erkenntnis, dass die Organe im K\u00f6rper nicht isoliert voneinander agieren, sondern miteinander \u201ekommunizieren\u201c. Vereinfacht k\u00f6nnte man diese Interaktion mit der Funktionsweise eines Orchesters vergleichen. Wenn ein Instrument falsch spielt oder wom\u00f6glich ganz ausf\u00e4llt, hat das auch Auswirkungen auf alle Anderen. Die Kommunikation zwischen den Organen erfolgt \u00fcber eigene, nat\u00fcrliche, biophysikalische Schwingungen, die jedes Organ hat. Beschwerden und gesundheitliche Probleme treten dann auf, wenn diese Schwingungen gest\u00f6rt oder ver\u00e4ndert werden \u2013 durch Erreger, Stress, ungesunde Ern\u00e4hrung bzw. Lebensweise, \u00dcbers\u00e4uerung, Allergene, Medikamente, Umweltgifte, Unf\u00e4lle u.v.m.[\/vc_column_text][\/vc_column][vc_column width=&#8220;1\/3&#8243;][vc_single_image image=&#8220;517&#8243; img_size=&#8220;full&#8220; alignment=&#8220;center&#8220; style=&#8220;vc_box_circle_2&#8243; image_hovers=&#8220;false&#8220; lazy_loading=&#8220;true&#8220;][\/vc_column][\/vc_row][vc_row][vc_column width=&#8220;2\/3&#8243;][vc_column_text]Mithilfe eines Bioresonanzger\u00e4tes werden die gest\u00f6rten Schwingungsmuster \u201erepariert\u201c, so dass die Kommunikation zwischen den Organen im K\u00f6rper wieder reibungslos funktioniert. Da die Bioresonanztherapie eine vollkommen sanfte und schmerzfreie Therapieform ist, eignet sie sich hervorragend f\u00fcr alle Altersgruppen, d.h. sowohl f\u00fcr Babys, Kinder als auch f\u00fcr Erwachsene.[\/vc_column_text][\/vc_column][vc_column width=&#8220;1\/3&#8243;][\/vc_column][\/vc_row][vc_row][vc_column width=&#8220;2\/3&#8243;][vc_custom_heading text=&#8220;Sie erzielt besonders gute Erfolge bei:&#8220; google_fonts=&#8220;font_family:Roboto%3A100%2C100italic%2C300%2C300italic%2Cregular%2Citalic%2C500%2C500italic%2C700%2C700italic%2C900%2C900italic|font_style:500%20bold%20italic%3A500%3Aitalic&#8220; css=&#8220;.vc_custom_1539281631079{padding-bottom: 20px !important;}&#8220;][vc_column_text]<\/p>\n<ul>\n<li>Allergien, Asthma, Heuschnupfen<\/li>\n<li>akuten und chronischen Infekten im HNO-Bereich (Sinusitis, Bronchitis, Otitis media, usw.)<\/li>\n<li>der Ausleitung von Impfstoffen, Medikamenten und Umweltgiften<\/li>\n<li>dem Aufbau eines geschw\u00e4chten Immunsystems<\/li>\n<li>Harnwegsinfekten<\/li>\n<li>hormonellen Dysfunktionen einschlie\u00dflich Wechseljahresbeschwerden<\/li>\n<li>Migr\u00e4ne<\/li>\n<li>Neurodermitis<\/li>\n<li>rheumatischen Erkrankungen sowie Schmerzen aller Art<\/li>\n<li>der Behandlung von Blockaden durch z.B. OP- oder Geburtsnarben<\/li>\n<li>der Behandlung von Blockaden durch Belastung mit Elektrosmog<\/li>\n<\/ul>\n<p>[\/vc_column_text][\/vc_column][vc_column width=&#8220;1\/3&#8243;][\/vc_column][\/vc_row]<\/p>\n","protected":false},"excerpt":{"rendered":"<p>[vc_row][vc_column width=&#8220;2\/3&#8243;][vc_custom_heading text=&#8220;Bioresonanztherapie&#8220; google_fonts=&#8220;font_family:Roboto%3A100%2C100italic%2C300%2C300italic%2Cregular%2Citalic%2C500%2C500italic%2C700%2C700italic%2C900%2C900italic|font_style:500%20bold%20italic%3A500%3Aitalic&#8220; css=&#8220;.vc_custom_1539281621930{padding-bottom: 20px !important;}&#8220;][vc_column_text]Die Bioresonanztherapie ist eine vollkommen schmerzfreie Behandlungsmethode f\u00fcr Kinder und Erwachsene. Sie erzielt besonders gute Erfolge bei Allergien, Asthma, Heuschnupfen, den unterschiedlichsten Infekten, Neurodermitis, Rheuma und Schmerzen aller Art. &nbsp; Sie basiert auf der Erkenntnis, dass die Organe im K\u00f6rper nicht isoliert voneinander agieren, sondern miteinander \u201ekommunizieren\u201c. Vereinfacht k\u00f6nnte&hellip;<\/p>\n","protected":false},"author":1,"featured_media":0,"parent":0,"menu_order":0,"comment_status":"closed","ping_status":"closed","template":"","meta":[],"_links":{"self":[{"href":"https:\/\/mr-naturheilpraxis.de\/wp\/wp-json\/wp\/v2\/pages\/62"}],"collection":[{"href":"https:\/\/mr-naturheilpraxis.de\/wp\/wp-json\/wp\/v2\/pages"}],"about":[{"href":"https:\/\/mr-naturheilpraxis.de\/wp\/wp-json\/wp\/v2\/types\/page"}],"author":[{"embeddable":true,"href":"https:\/\/mr-naturheilpraxis.de\/wp\/wp-json\/wp\/v2\/users\/1"}],"replies":[{"embeddable":true,"href":"https:\/\/mr-naturheilpraxis.de\/wp\/wp-json\/wp\/v2\/comments?post=62"}],"version-history":[{"count":23,"href":"https:\/\/mr-naturheilpraxis.de\/wp\/wp-json\/wp\/v2\/pages\/62\/revisions"}],"predecessor-version":[{"id":536,"href":"https:\/\/mr-naturheilpraxis.de\/wp\/wp-json\/wp\/v2\/pages\/62\/revisions\/536"}],"wp:attachment":[{"href":"https:\/\/mr-naturheilpraxis.de\/wp\/wp-json\/wp\/v2\/media?parent=62"}],"curies":[{"name":"wp","href":"https:\/\/api.w.org\/{rel}","templated":true}]}}